{"id":150,"date":"2023-01-24T19:36:19","date_gmt":"2023-01-24T19:36:19","guid":{"rendered":"https:\/\/volleyball-schwaz.at\/?page_id=150"},"modified":"2025-05-19T17:28:29","modified_gmt":"2025-05-19T17:28:29","slug":"beachvolleyball","status":"publish","type":"page","link":"https:\/\/volleyball-schwaz.at\/?page_id=150","title":{"rendered":"Beachvolleyball"},"content":{"rendered":"\n<div class=\"wp-block-columns is-layout-flex wp-container-core-columns-is-layout-9d6595d7 wp-block-columns-is-layout-flex\">\n<div class=\"wp-block-column is-layout-flow wp-block-column-is-layout-flow\">\n<p class=\"has-text-align-left has-pale-cyan-blue-background-color has-background\">Die TU Volleyballer*innen haben im Jahr 2007 den Schwazer Beachclub mitbegr\u00fcndet. Beide Vereine arbeiten intensiv zusammen.<\/p>\n<\/div>\n\n\n\n<div class=\"wp-block-column is-layout-flow wp-block-column-is-layout-flow\"><div class=\"wp-block-image is-resized\">\n<figure class=\"aligncenter size-full\"><a href=\"https:\/\/www.beachvolleyball-schwaz.at\/\" target=\"_blank\" rel=\"noreferrer noopener\"><img loading=\"lazy\" decoding=\"async\" width=\"764\" height=\"611\" src=\"https:\/\/volleyball-schwaz.at\/wp-content\/uploads\/2025\/02\/Beach_Logo-2.jpg\" alt=\"\" class=\"wp-image-8313\" style=\"width:200px\" srcset=\"https:\/\/volleyball-schwaz.at\/wp-content\/uploads\/2025\/02\/Beach_Logo-2.jpg 764w, https:\/\/volleyball-schwaz.at\/wp-content\/uploads\/2025\/02\/Beach_Logo-2-300x240.jpg 300w, https:\/\/volleyball-schwaz.at\/wp-content\/uploads\/2025\/02\/Beach_Logo-2-230x184.jpg 230w, https:\/\/volleyball-schwaz.at\/wp-content\/uploads\/2025\/02\/Beach_Logo-2-350x280.jpg 350w, https:\/\/volleyball-schwaz.at\/wp-content\/uploads\/2025\/02\/Beach_Logo-2-480x384.jpg 480w\" sizes=\"auto, (max-width: 764px) 100vw, 764px\" \/><\/a><\/figure>\n<\/div><\/div>\n\n\n\n<div class=\"wp-block-column is-layout-flow wp-block-column-is-layout-flow\">\n<p class=\"has-text-align-left has-pale-cyan-blue-background-color has-background\">In der Sommerpause bieten wir f\u00fcr Vereinsmitglieder ein regelm\u00e4\u00dfiges Beachvolleyballtraining an. (siehe Belegungsplan)<\/p>\n<\/div>\n<\/div>\n\n\n\n<p>Das traditonelle Beachcamp an der Adria Anfang September war und ist f\u00fcr viele Mitglieder der Abschluss der Beachsaison und der Start in die Hallensaison. <mark style=\"background-color:rgba(0, 0, 0, 0)\" class=\"has-inline-color has-black-color\">2023 wurde das Beachcamp erstmals in \u00d6sterreich<\/mark> durchgef\u00fchrt. In Hollersbach fand der Verein ideale Bedingungen vor &#8211; mit 2 Beachpl\u00e4tze am Badesee und sommerlichen Temperaturen.<\/p>\n\n\n\n<div class=\"wp-block-columns is-layout-flex wp-container-core-columns-is-layout-9d6595d7 wp-block-columns-is-layout-flex\">\n<div class=\"wp-block-column is-layout-flow wp-block-column-is-layout-flow\">\n<figure class=\"wp-block-gallery has-nested-images columns-default is-cropped wp-block-gallery-1 is-layout-flex wp-block-gallery-is-layout-flex\">\n<figure data-wp-context=\"{&quot;imageId&quot;:&quot;69f30e2496f6e&quot;}\" data-wp-interactive=\"core\/image\" data-wp-key=\"69f30e2496f6e\" class=\"wp-block-image size-large wp-lightbox-container\"><img loading=\"lazy\" decoding=\"async\" width=\"1024\" height=\"469\" data-wp-class--hide=\"state.isContentHidden\" data-wp-class--show=\"state.isContentVisible\" data-wp-init=\"callbacks.setButtonStyles\" data-wp-on--click=\"actions.showLightbox\" data-wp-on--load=\"callbacks.setButtonStyles\" data-wp-on-window--resize=\"callbacks.setButtonStyles\" data-id=\"422\" src=\"https:\/\/volleyball-schwaz.at\/wp-content\/uploads\/2023\/01\/Beachcamp-1024x469.jpg\" alt=\"\" class=\"wp-image-422\" srcset=\"https:\/\/volleyball-schwaz.at\/wp-content\/uploads\/2023\/01\/Beachcamp-1024x469.jpg 1024w, https:\/\/volleyball-schwaz.at\/wp-content\/uploads\/2023\/01\/Beachcamp-300x137.jpg 300w, https:\/\/volleyball-schwaz.at\/wp-content\/uploads\/2023\/01\/Beachcamp-768x352.jpg 768w, https:\/\/volleyball-schwaz.at\/wp-content\/uploads\/2023\/01\/Beachcamp-1000x458.jpg 1000w, https:\/\/volleyball-schwaz.at\/wp-content\/uploads\/2023\/01\/Beachcamp-230x105.jpg 230w, https:\/\/volleyball-schwaz.at\/wp-content\/uploads\/2023\/01\/Beachcamp-350x160.jpg 350w, https:\/\/volleyball-schwaz.at\/wp-content\/uploads\/2023\/01\/Beachcamp-480x220.jpg 480w, https:\/\/volleyball-schwaz.at\/wp-content\/uploads\/2023\/01\/Beachcamp.jpg 1528w\" sizes=\"auto, (max-width: 1024px) 100vw, 1024px\" \/><button\n\t\t\tclass=\"lightbox-trigger\"\n\t\t\ttype=\"button\"\n\t\t\taria-haspopup=\"dialog\"\n\t\t\taria-label=\"Vergr\u00f6\u00dfern\"\n\t\t\tdata-wp-init=\"callbacks.initTriggerButton\"\n\t\t\tdata-wp-on--click=\"actions.showLightbox\"\n\t\t\tdata-wp-style--right=\"state.imageButtonRight\"\n\t\t\tdata-wp-style--top=\"state.imageButtonTop\"\n\t\t>\n\t\t\t<svg xmlns=\"http:\/\/www.w3.org\/2000\/svg\" width=\"12\" height=\"12\" fill=\"none\" viewBox=\"0 0 12 12\">\n\t\t\t\t<path fill=\"#fff\" d=\"M2 0a2 2 0 0 0-2 2v2h1.5V2a.5.5 0 0 1 .5-.5h2V0H2Zm2 10.5H2a.5.5 0 0 1-.5-.5V8H0v2a2 2 0 0 0 2 2h2v-1.5ZM8 12v-1.5h2a.5.5 0 0 0 .5-.5V8H12v2a2 2 0 0 1-2 2H8Zm2-12a2 2 0 0 1 2 2v2h-1.5V2a.5.5 0 0 0-.5-.5H8V0h2Z\" \/>\n\t\t\t<\/svg>\n\t\t<\/button><figcaption class=\"wp-element-caption\">Camp an der Adria<\/figcaption><\/figure>\n\n\n\n<figure data-wp-context=\"{&quot;imageId&quot;:&quot;69f30e24974a2&quot;}\" data-wp-interactive=\"core\/image\" data-wp-key=\"69f30e24974a2\" class=\"wp-block-image size-large wp-lightbox-container\"><img loading=\"lazy\" decoding=\"async\" width=\"1024\" height=\"384\" data-wp-class--hide=\"state.isContentHidden\" data-wp-class--show=\"state.isContentVisible\" data-wp-init=\"callbacks.setButtonStyles\" data-wp-on--click=\"actions.showLightbox\" data-wp-on--load=\"callbacks.setButtonStyles\" data-wp-on-window--resize=\"callbacks.setButtonStyles\" data-id=\"415\" src=\"https:\/\/volleyball-schwaz.at\/wp-content\/uploads\/2023\/01\/Urlaub-Cavallino-48-1024x384.jpg\" alt=\"\" class=\"wp-image-415\" srcset=\"https:\/\/volleyball-schwaz.at\/wp-content\/uploads\/2023\/01\/Urlaub-Cavallino-48-1024x384.jpg 1024w, https:\/\/volleyball-schwaz.at\/wp-content\/uploads\/2023\/01\/Urlaub-Cavallino-48-300x113.jpg 300w, https:\/\/volleyball-schwaz.at\/wp-content\/uploads\/2023\/01\/Urlaub-Cavallino-48-768x288.jpg 768w, https:\/\/volleyball-schwaz.at\/wp-content\/uploads\/2023\/01\/Urlaub-Cavallino-48-1000x375.jpg 1000w, https:\/\/volleyball-schwaz.at\/wp-content\/uploads\/2023\/01\/Urlaub-Cavallino-48-230x86.jpg 230w, https:\/\/volleyball-schwaz.at\/wp-content\/uploads\/2023\/01\/Urlaub-Cavallino-48-350x131.jpg 350w, https:\/\/volleyball-schwaz.at\/wp-content\/uploads\/2023\/01\/Urlaub-Cavallino-48-480x180.jpg 480w, https:\/\/volleyball-schwaz.at\/wp-content\/uploads\/2023\/01\/Urlaub-Cavallino-48.jpg 1200w\" sizes=\"auto, (max-width: 1024px) 100vw, 1024px\" \/><button\n\t\t\tclass=\"lightbox-trigger\"\n\t\t\ttype=\"button\"\n\t\t\taria-haspopup=\"dialog\"\n\t\t\taria-label=\"Vergr\u00f6\u00dfern\"\n\t\t\tdata-wp-init=\"callbacks.initTriggerButton\"\n\t\t\tdata-wp-on--click=\"actions.showLightbox\"\n\t\t\tdata-wp-style--right=\"state.imageButtonRight\"\n\t\t\tdata-wp-style--top=\"state.imageButtonTop\"\n\t\t>\n\t\t\t<svg xmlns=\"http:\/\/www.w3.org\/2000\/svg\" width=\"12\" height=\"12\" fill=\"none\" viewBox=\"0 0 12 12\">\n\t\t\t\t<path fill=\"#fff\" d=\"M2 0a2 2 0 0 0-2 2v2h1.5V2a.5.5 0 0 1 .5-.5h2V0H2Zm2 10.5H2a.5.5 0 0 1-.5-.5V8H0v2a2 2 0 0 0 2 2h2v-1.5ZM8 12v-1.5h2a.5.5 0 0 0 .5-.5V8H12v2a2 2 0 0 1-2 2H8Zm2-12a2 2 0 0 1 2 2v2h-1.5V2a.5.5 0 0 0-.5-.5H8V0h2Z\" \/>\n\t\t\t<\/svg>\n\t\t<\/button><figcaption class=\"wp-element-caption\">Cavallino<\/figcaption><\/figure>\n<\/figure>\n<\/div>\n<\/div>\n\n\n\n<div class=\"wp-block-columns is-layout-flex wp-container-core-columns-is-layout-9d6595d7 wp-block-columns-is-layout-flex\">\n<div class=\"wp-block-column is-layout-flow wp-block-column-is-layout-flow\">\n<figure class=\"wp-block-gallery has-nested-images columns-default is-cropped wp-block-gallery-2 is-layout-flex wp-block-gallery-is-layout-flex\">\n<figure data-wp-context=\"{&quot;imageId&quot;:&quot;69f30e2497c1a&quot;}\" data-wp-interactive=\"core\/image\" data-wp-key=\"69f30e2497c1a\" class=\"wp-block-image size-large wp-lightbox-container\"><img decoding=\"async\" data-wp-class--hide=\"state.isContentHidden\" data-wp-class--show=\"state.isContentVisible\" data-wp-init=\"callbacks.setButtonStyles\" data-wp-on--click=\"actions.showLightbox\" data-wp-on--load=\"callbacks.setButtonStyles\" data-wp-on-window--resize=\"callbacks.setButtonStyles\" data-id=\"8349\" src=\"https:\/\/volleyball-schwaz.at\/wp-content\/uploads\/2025\/02\/04-1024x576.jpg\" alt=\"\" class=\"wp-image-8349\"\/><button\n\t\t\tclass=\"lightbox-trigger\"\n\t\t\ttype=\"button\"\n\t\t\taria-haspopup=\"dialog\"\n\t\t\taria-label=\"Vergr\u00f6\u00dfern\"\n\t\t\tdata-wp-init=\"callbacks.initTriggerButton\"\n\t\t\tdata-wp-on--click=\"actions.showLightbox\"\n\t\t\tdata-wp-style--right=\"state.imageButtonRight\"\n\t\t\tdata-wp-style--top=\"state.imageButtonTop\"\n\t\t>\n\t\t\t<svg xmlns=\"http:\/\/www.w3.org\/2000\/svg\" width=\"12\" height=\"12\" fill=\"none\" viewBox=\"0 0 12 12\">\n\t\t\t\t<path fill=\"#fff\" d=\"M2 0a2 2 0 0 0-2 2v2h1.5V2a.5.5 0 0 1 .5-.5h2V0H2Zm2 10.5H2a.5.5 0 0 1-.5-.5V8H0v2a2 2 0 0 0 2 2h2v-1.5ZM8 12v-1.5h2a.5.5 0 0 0 .5-.5V8H12v2a2 2 0 0 1-2 2H8Zm2-12a2 2 0 0 1 2 2v2h-1.5V2a.5.5 0 0 0-.5-.5H8V0h2Z\" \/>\n\t\t\t<\/svg>\n\t\t<\/button><figcaption class=\"wp-element-caption\">Beachpl\u00e4tze Hollersbach<\/figcaption><\/figure>\n\n\n\n<figure data-wp-context=\"{&quot;imageId&quot;:&quot;69f30e2497feb&quot;}\" data-wp-interactive=\"core\/image\" data-wp-key=\"69f30e2497feb\" class=\"wp-block-image size-large wp-lightbox-container\"><img decoding=\"async\" data-wp-class--hide=\"state.isContentHidden\" data-wp-class--show=\"state.isContentVisible\" data-wp-init=\"callbacks.setButtonStyles\" data-wp-on--click=\"actions.showLightbox\" data-wp-on--load=\"callbacks.setButtonStyles\" data-wp-on-window--resize=\"callbacks.setButtonStyles\" data-id=\"8350\" src=\"https:\/\/volleyball-schwaz.at\/wp-content\/uploads\/2025\/02\/01-1024x577.jpg\" alt=\"\" class=\"wp-image-8350\"\/><button\n\t\t\tclass=\"lightbox-trigger\"\n\t\t\ttype=\"button\"\n\t\t\taria-haspopup=\"dialog\"\n\t\t\taria-label=\"Vergr\u00f6\u00dfern\"\n\t\t\tdata-wp-init=\"callbacks.initTriggerButton\"\n\t\t\tdata-wp-on--click=\"actions.showLightbox\"\n\t\t\tdata-wp-style--right=\"state.imageButtonRight\"\n\t\t\tdata-wp-style--top=\"state.imageButtonTop\"\n\t\t>\n\t\t\t<svg xmlns=\"http:\/\/www.w3.org\/2000\/svg\" width=\"12\" height=\"12\" fill=\"none\" viewBox=\"0 0 12 12\">\n\t\t\t\t<path fill=\"#fff\" d=\"M2 0a2 2 0 0 0-2 2v2h1.5V2a.5.5 0 0 1 .5-.5h2V0H2Zm2 10.5H2a.5.5 0 0 1-.5-.5V8H0v2a2 2 0 0 0 2 2h2v-1.5ZM8 12v-1.5h2a.5.5 0 0 0 .5-.5V8H12v2a2 2 0 0 1-2 2H8Zm2-12a2 2 0 0 1 2 2v2h-1.5V2a.5.5 0 0 0-.5-.5H8V0h2Z\" \/>\n\t\t\t<\/svg>\n\t\t<\/button><figcaption class=\"wp-element-caption\">Badesee Hollersbach<\/figcaption><\/figure>\n<\/figure>\n<\/div>\n<\/div>\n\n\n\n<div class=\"wp-block-columns is-layout-flex wp-container-core-columns-is-layout-9d6595d7 wp-block-columns-is-layout-flex\">\n<div class=\"wp-block-column is-layout-flow wp-block-column-is-layout-flow\">\n<figure data-wp-context=\"{&quot;imageId&quot;:&quot;69f30e2498d08&quot;}\" data-wp-interactive=\"core\/image\" data-wp-key=\"69f30e2498d08\" class=\"wp-block-image size-large wp-lightbox-container\"><img loading=\"lazy\" decoding=\"async\" width=\"1024\" height=\"744\" data-wp-class--hide=\"state.isContentHidden\" data-wp-class--show=\"state.isContentVisible\" data-wp-init=\"callbacks.setButtonStyles\" data-wp-on--click=\"actions.showLightbox\" data-wp-on--load=\"callbacks.setButtonStyles\" data-wp-on-window--resize=\"callbacks.setButtonStyles\" src=\"https:\/\/volleyball-schwaz.at\/wp-content\/uploads\/2025\/05\/Beachplan-4-1024x744.jpg\" alt=\"\" class=\"wp-image-9740\" srcset=\"https:\/\/volleyball-schwaz.at\/wp-content\/uploads\/2025\/05\/Beachplan-4-1024x744.jpg 1024w, https:\/\/volleyball-schwaz.at\/wp-content\/uploads\/2025\/05\/Beachplan-4-300x218.jpg 300w, https:\/\/volleyball-schwaz.at\/wp-content\/uploads\/2025\/05\/Beachplan-4-768x558.jpg 768w, https:\/\/volleyball-schwaz.at\/wp-content\/uploads\/2025\/05\/Beachplan-4-1536x1116.jpg 1536w, https:\/\/volleyball-schwaz.at\/wp-content\/uploads\/2025\/05\/Beachplan-4-2048x1488.jpg 2048w, https:\/\/volleyball-schwaz.at\/wp-content\/uploads\/2025\/05\/Beachplan-4-1000x727.jpg 1000w, https:\/\/volleyball-schwaz.at\/wp-content\/uploads\/2025\/05\/Beachplan-4-550x400.jpg 550w, https:\/\/volleyball-schwaz.at\/wp-content\/uploads\/2025\/05\/Beachplan-4-230x167.jpg 230w, https:\/\/volleyball-schwaz.at\/wp-content\/uploads\/2025\/05\/Beachplan-4-350x254.jpg 350w, https:\/\/volleyball-schwaz.at\/wp-content\/uploads\/2025\/05\/Beachplan-4-480x349.jpg 480w\" sizes=\"auto, (max-width: 1024px) 100vw, 1024px\" \/><button\n\t\t\tclass=\"lightbox-trigger\"\n\t\t\ttype=\"button\"\n\t\t\taria-haspopup=\"dialog\"\n\t\t\taria-label=\"Vergr\u00f6\u00dfern\"\n\t\t\tdata-wp-init=\"callbacks.initTriggerButton\"\n\t\t\tdata-wp-on--click=\"actions.showLightbox\"\n\t\t\tdata-wp-style--right=\"state.imageButtonRight\"\n\t\t\tdata-wp-style--top=\"state.imageButtonTop\"\n\t\t>\n\t\t\t<svg xmlns=\"http:\/\/www.w3.org\/2000\/svg\" width=\"12\" height=\"12\" fill=\"none\" viewBox=\"0 0 12 12\">\n\t\t\t\t<path fill=\"#fff\" d=\"M2 0a2 2 0 0 0-2 2v2h1.5V2a.5.5 0 0 1 .5-.5h2V0H2Zm2 10.5H2a.5.5 0 0 1-.5-.5V8H0v2a2 2 0 0 0 2 2h2v-1.5ZM8 12v-1.5h2a.5.5 0 0 0 .5-.5V8H12v2a2 2 0 0 1-2 2H8Zm2-12a2 2 0 0 1 2 2v2h-1.5V2a.5.5 0 0 0-.5-.5H8V0h2Z\" \/>\n\t\t\t<\/svg>\n\t\t<\/button><\/figure>\n<\/div>\n\n\n\n<div class=\"wp-block-column is-layout-flow wp-block-column-is-layout-flow\"><\/div>\n<\/div>\n","protected":false},"excerpt":{"rendered":"<p>Die TU Volleyballer*innen haben im Jahr 2007 den Schwazer Beachclub mitbegr\u00fcndet. Beide Vereine arbeiten intensiv zusammen. In der Sommerpause bieten wir f\u00fcr [&hellip;]<\/p>\n","protected":false},"author":2,"featured_media":0,"parent":0,"menu_order":0,"comment_status":"closed","ping_status":"closed","template":"","meta":{"footnotes":""},"class_list":["post-150","page","type-page","status-publish","hentry"],"_links":{"self":[{"href":"https:\/\/volleyball-schwaz.at\/index.php?rest_route=\/wp\/v2\/pages\/150","targetHints":{"allow":["GET"]}}],"collection":[{"href":"https:\/\/volleyball-schwaz.at\/index.php?rest_route=\/wp\/v2\/pages"}],"about":[{"href":"https:\/\/volleyball-schwaz.at\/index.php?rest_route=\/wp\/v2\/types\/page"}],"author":[{"embeddable":true,"href":"https:\/\/volleyball-schwaz.at\/index.php?rest_route=\/wp\/v2\/users\/2"}],"replies":[{"embeddable":true,"href":"https:\/\/volleyball-schwaz.at\/index.php?rest_route=%2Fwp%2Fv2%2Fcomments&post=150"}],"version-history":[{"count":59,"href":"https:\/\/volleyball-schwaz.at\/index.php?rest_route=\/wp\/v2\/pages\/150\/revisions"}],"predecessor-version":[{"id":9741,"href":"https:\/\/volleyball-schwaz.at\/index.php?rest_route=\/wp\/v2\/pages\/150\/revisions\/9741"}],"wp:attachment":[{"href":"https:\/\/volleyball-schwaz.at\/index.php?rest_route=%2Fwp%2Fv2%2Fmedia&parent=150"}],"curies":[{"name":"wp","href":"https:\/\/api.w.org\/{rel}","templated":true}]}}